{"id":5,"date":"2020-04-16T16:04:09","date_gmt":"2020-04-16T14:04:09","guid":{"rendered":"http:\/\/www.birdieyas.uk\/?page_id=5"},"modified":"2026-03-06T11:32:41","modified_gmt":"2026-03-06T10:32:41","slug":"home","status":"publish","type":"page","link":"https:\/\/www.birdieyas.uk\/sk\/","title":{"rendered":"Home"},"content":{"rendered":"<p>[et_pb_section fb_built=&#8221;1&#8243; _builder_version=&#8221;4.21.0&#8243; background_color=&#8221;rgba(0,0,0,0.4)&#8221; background_image=&#8221;https:\/\/www.birdieyas.uk\/wp-content\/uploads\/2023\/07\/center-sun-steel-famous-construction.jpg&#8221; background_blend=&#8221;multiply&#8221; background_enable_pattern_style=&#8221;on&#8221; background_pattern_style=&#8221;diagonal-stripes-2&#8243; background_pattern_color=&#8221;rgba(10,10,10,0.1)&#8221; background_pattern_horizontal_offset=&#8221;8%&#8221; custom_padding=&#8221;330px||330px||true|&#8221; border_width_bottom=&#8221;7px&#8221; border_color_bottom=&#8221;#d3b91a&#8221; global_colors_info=&#8221;{}&#8221;][et_pb_row _builder_version=&#8221;4.16&#8243; custom_padding=&#8221;49px||49px||true|&#8221; global_colors_info=&#8221;{}&#8221;][et_pb_column type=&#8221;4_4&#8243; _builder_version=&#8221;4.16&#8243; global_colors_info=&#8221;{}&#8221;][et_pb_image src=&#8221;https:\/\/www.birdieyas.uk\/wp-content\/uploads\/2025\/05\/DLrRisorsa-2.svg&#8221; title_text=&#8221;DLrRisorsa 2&#8243; _builder_version=&#8221;4.27.2&#8243; _module_preset=&#8221;default&#8221; width=&#8221;18%&#8221; width_tablet=&#8221;40%&#8221; width_phone=&#8221;63%&#8221; width_last_edited=&#8221;on|phone&#8221; module_alignment=&#8221;center&#8221; global_colors_info=&#8221;{}&#8221;][\/et_pb_image][et_pb_cta title=&#8221;BIRDIE YAS INSURANCE LTD&#8221; button_text=&#8221;Click&#8221; _builder_version=&#8221;4.21.0&#8243; header_font=&#8221;Abhaya Libre||||||||&#8221; header_text_color=&#8221;#d3b91a&#8221; header_font_size=&#8221;47px&#8221; body_font=&#8221;|||on|||||&#8221; body_text_color=&#8221;#FFFFFF&#8221; body_font_size=&#8221;16px&#8221; body_letter_spacing=&#8221;4px&#8221; background_color=&#8221;rgba(0,0,0,0)&#8221; width=&#8221;100%&#8221; custom_padding=&#8221;54px|||||&#8221; header_font_size_tablet=&#8221;&#8221; header_font_size_phone=&#8221;24px&#8221; header_font_size_last_edited=&#8221;on|phone&#8221; global_colors_info=&#8221;{}&#8221;]<\/p>\n<p class=\"p1\"><span class=\"s1\"><b>Rie\u0161enie poistn\u00fdch riz\u00edk<\/b><\/span><\/p>\n<p>[\/et_pb_cta][\/et_pb_column][\/et_pb_row][\/et_pb_section][et_pb_section fb_built=&#8221;1&#8243; _builder_version=&#8221;4.21.0&#8243; background_color=&#8221;#215760&#8243; custom_padding=&#8221;168px||168px||true|&#8221; global_colors_info=&#8221;{}&#8221;][et_pb_row _builder_version=&#8221;4.16&#8243; global_colors_info=&#8221;{}&#8221;][et_pb_column type=&#8221;4_4&#8243; _builder_version=&#8221;4.16&#8243; global_colors_info=&#8221;{}&#8221;][et_pb_text _builder_version=&#8221;4.21.0&#8243; text_line_height=&#8221;2.1em&#8221; header_3_font=&#8221;Abhaya Libre|600||on|||||&#8221; header_3_text_color=&#8221;#d3b91a&#8221; header_3_font_size=&#8221;40px&#8221; header_3_letter_spacing=&#8221;2px&#8221; global_colors_info=&#8221;{}&#8221;]<\/p>\n<h3 style=\"text-align: center;\"><span>FINANCIAL INSURANCE,<br \/>SOLVING ASSETS &amp; GUARANTEE<\/span><\/h3>\n<p class=\"p1\">\n<p>[\/et_pb_text][et_pb_text _builder_version=&#8221;4.21.0&#8243; text_font=&#8221;|300|||||||&#8221; text_text_color=&#8221;#FFFFFF&#8221; text_font_size=&#8221;20px&#8221; text_line_height=&#8221;1.6em&#8221; global_colors_info=&#8221;{}&#8221;]<\/p>\n<div class=\"page\" title=\"Page 2\">\n<div class=\"section\">\n<div class=\"layoutArea\">\n<div class=\"column\">\n<p style=\"text-align: center;\"><span>Managers and collaborators of the company had gained extensive experience in the assessment and <\/span><span>management of financial risks. All proposed operations are evaluated in environments that are appropriate <\/span><span>to the privacy regulations and equipped with the latest technologies.<br \/><\/span><span>The prudence and diligence of our managers allows us to prepare financial services\u00a0<\/span><span>tailored to the client&#8217;s needs. <\/span><\/p>\n<\/div>\n<\/div>\n<\/div>\n<\/div>\n<p>[\/et_pb_text][\/et_pb_column][\/et_pb_row][\/et_pb_section][et_pb_section fb_built=&#8221;1&#8243; _builder_version=&#8221;4.20.4&#8243; _module_preset=&#8221;default&#8221; custom_padding=&#8221;194px||158px||false|false&#8221; global_colors_info=&#8221;{}&#8221;][et_pb_row column_structure=&#8221;1_3,1_3,1_3&#8243; use_custom_gutter=&#8221;on&#8221; gutter_width=&#8221;2&#8243; make_equal=&#8221;on&#8221; _builder_version=&#8221;4.20.4&#8243; _module_preset=&#8221;default&#8221; width=&#8221;90%&#8221; max_width=&#8221;1200px&#8221; custom_margin=&#8221;0px||0px||false|false&#8221; custom_padding=&#8221;0px||0px||false|false&#8221; global_colors_info=&#8221;{}&#8221;][et_pb_column type=&#8221;1_3&#8243; _builder_version=&#8221;4.20.4&#8243; _module_preset=&#8221;default&#8221; custom_padding=&#8221;|||90px|false|false&#8221; animation_direction=&#8221;bottom&#8221; global_colors_info=&#8221;{}&#8221;][et_pb_text _builder_version=&#8221;4.20.4&#8243; _module_preset=&#8221;default&#8221; text_font=&#8221;Oswald||||||||&#8221; text_text_color=&#8221;#ebebec&#8221; text_font_size=&#8221;75px&#8221; positioning=&#8221;absolute&#8221; vertical_offset=&#8221;22px&#8221; horizontal_offset=&#8221;-2px&#8221; max_width=&#8221;80px&#8221; custom_margin=&#8221;0px||0px||false|false&#8221; custom_padding=&#8221;0px||0px||false|false&#8221; text_font_size_tablet=&#8221;75px&#8221; text_font_size_phone=&#8221;70px&#8221; text_font_size_last_edited=&#8221;on|phone&#8221; global_colors_info=&#8221;{}&#8221;]<\/p>\n<p>01<\/p>\n<p>[\/et_pb_text][et_pb_text _builder_version=&#8221;4.21.0&#8243; _module_preset=&#8221;default&#8221; header_3_font=&#8221;Abhaya Libre|||on|||||&#8221; header_3_text_align=&#8221;left&#8221; header_3_text_color=&#8221;#215760&#8243; header_3_font_size=&#8221;31px&#8221; custom_margin=&#8221;0px||13px||false|false&#8221; custom_padding=&#8221;0px||0px||false|false&#8221; header_3_font_size_phone=&#8221;25px&#8221; header_3_font_size_last_edited=&#8221;off|phone&#8221; global_colors_info=&#8221;{}&#8221;]<\/p>\n<h3>Rie\u0161enie poistn\u00fdch riz\u00edk<\/h3>\n<p>[\/et_pb_text][et_pb_text _builder_version=&#8221;4.21.0&#8243; _module_preset=&#8221;default&#8221; text_font=&#8221;Questrial||||||||&#8221; text_text_color=&#8221;#696e79&#8243; text_font_size=&#8221;16px&#8221; text_line_height=&#8221;1.6em&#8221; custom_margin=&#8221;0px||18px||false|false&#8221; custom_padding=&#8221;0px||0px||false|false&#8221; global_colors_info=&#8221;{}&#8221;]<\/p>\n<p>BIRDIE YAS INSURANCE LTD is an insurance company specializing in the creation of customized insurance instruments.<br \/>Suitable to solve specific business needs, from the financial risks to the affinity business.<\/p>\n<p>[\/et_pb_text][\/et_pb_column][et_pb_column type=&#8221;1_3&#8243; _builder_version=&#8221;4.20.4&#8243; _module_preset=&#8221;default&#8221; custom_padding=&#8221;|||90px|false|false&#8221; animation_direction=&#8221;bottom&#8221; global_colors_info=&#8221;{}&#8221;][et_pb_text _builder_version=&#8221;4.20.4&#8243; _module_preset=&#8221;default&#8221; text_font=&#8221;Oswald||||||||&#8221; text_text_color=&#8221;#ebebec&#8221; text_font_size=&#8221;75px&#8221; positioning=&#8221;absolute&#8221; vertical_offset=&#8221;22px&#8221; horizontal_offset=&#8221;-2px&#8221; max_width=&#8221;80px&#8221; custom_margin=&#8221;0px||0px||false|false&#8221; custom_padding=&#8221;0px||0px||false|false&#8221; text_font_size_tablet=&#8221;75px&#8221; text_font_size_phone=&#8221;70px&#8221; text_font_size_last_edited=&#8221;on|phone&#8221; global_colors_info=&#8221;{}&#8221;]<\/p>\n<p>02<\/p>\n<p>[\/et_pb_text][et_pb_text _builder_version=&#8221;4.18.0&#8243; _module_preset=&#8221;default&#8221; header_3_font=&#8221;Abhaya Libre|||on|||||&#8221; header_3_text_align=&#8221;left&#8221; header_3_text_color=&#8221;#215760&#8243; header_3_font_size=&#8221;31px&#8221; custom_margin=&#8221;0px||13px||false|false&#8221; custom_padding=&#8221;0px||0px||false|false&#8221; global_colors_info=&#8221;{}&#8221;]<\/p>\n<h3>Z\u00e1ruka<\/h3>\n<p>[\/et_pb_text][et_pb_text _builder_version=&#8221;4.18.0&#8243; _module_preset=&#8221;default&#8221; text_font=&#8221;Questrial||||||||&#8221; text_text_color=&#8221;#696e79&#8243; text_font_size=&#8221;16px&#8221; text_line_height=&#8221;1.6em&#8221; custom_margin=&#8221;0px||18px||false|false&#8221; custom_padding=&#8221;0px||0px||false|false&#8221; global_colors_info=&#8221;{}&#8221;]<\/p>\n<p>Spolo\u010dnos\u0165 BIRDIE YAS INSURANCE LTD, ako rie\u0161ite\u013e pois\u0165ovac\u00edch akt\u00edv, je navrhnut\u00e1 ako z\u00e1stupca modern\u00e9ho podniku, aby premenila obchodn\u00e9 probl\u00e9my na pr\u00edle\u017eitosti rie\u0161enia glob\u00e1lnych finan\u010dn\u00fdch a\u00a0pois\u0165ovac\u00edch strat\u00e9gi\u00ed.<\/p>\n<p>[\/et_pb_text][\/et_pb_column][et_pb_column type=&#8221;1_3&#8243; _builder_version=&#8221;4.20.4&#8243; _module_preset=&#8221;default&#8221; custom_padding=&#8221;|||90px|false|false&#8221; animation_direction=&#8221;bottom&#8221; global_colors_info=&#8221;{}&#8221;][et_pb_text _builder_version=&#8221;4.18.0&#8243; _module_preset=&#8221;default&#8221; text_font=&#8221;Oswald||||||||&#8221; text_text_color=&#8221;#ebebec&#8221; text_font_size=&#8221;75px&#8221; positioning=&#8221;absolute&#8221; vertical_offset=&#8221;22px&#8221; horizontal_offset=&#8221;-2px&#8221; max_width=&#8221;80px&#8221; custom_margin=&#8221;0px||0px||false|false&#8221; custom_padding=&#8221;0px||0px||false|false&#8221; text_font_size_tablet=&#8221;75px&#8221; text_font_size_phone=&#8221;70px&#8221; text_font_size_last_edited=&#8221;on|phone&#8221; global_colors_info=&#8221;{}&#8221;]<\/p>\n<p>03<\/p>\n<p>[\/et_pb_text][et_pb_text _builder_version=&#8221;4.18.0&#8243; _module_preset=&#8221;default&#8221; header_3_font=&#8221;Abhaya Libre|||on|||||&#8221; header_3_text_align=&#8221;left&#8221; header_3_text_color=&#8221;#215760&#8243; header_3_font_size=&#8221;31px&#8221; custom_margin=&#8221;0px||13px||false|false&#8221; custom_padding=&#8221;0px||0px||false|false&#8221; global_colors_info=&#8221;{}&#8221;]<\/p>\n<h3>Rada<\/h3>\n<p>[\/et_pb_text][et_pb_text _builder_version=&#8221;4.18.0&#8243; _module_preset=&#8221;default&#8221; text_font=&#8221;Questrial||||||||&#8221; text_text_color=&#8221;#696e79&#8243; text_font_size=&#8221;16px&#8221; text_line_height=&#8221;1.6em&#8221; custom_margin=&#8221;0px||18px||false|false&#8221; custom_padding=&#8221;0px||0px||false|false&#8221; global_colors_info=&#8221;{}&#8221;]<\/p>\n<p>Our team of professionals is available to identify the insurance solutions to the needs of your business.\u00a0Every day we are committed to ensure your interests.\u00a0Specialists in spreading risk operations and business risk transfer.<br \/>We can create customized insurance products with the collaboration of the most renowned international operators.<\/p>\n<p>[\/et_pb_text][\/et_pb_column][\/et_pb_row][et_pb_row disabled_on=&#8221;on|on|on&#8221; _builder_version=&#8221;4.16&#8243; custom_padding=&#8221;80px|||||&#8221; disabled=&#8221;on&#8221; global_colors_info=&#8221;{}&#8221;][et_pb_column type=&#8221;4_4&#8243; _builder_version=&#8221;4.16&#8243; global_colors_info=&#8221;{}&#8221;][et_pb_image src=&#8221;http:\/\/www.birdieyas.uk\/wp-content\/uploads\/2020\/04\/Schermata-2020-04-16-alle-18.27.00-scaled.jpg&#8221; _builder_version=&#8221;4.16&#8243; global_colors_info=&#8221;{}&#8221;][\/et_pb_image][\/et_pb_column][\/et_pb_row][\/et_pb_section][et_pb_section fb_built=&#8221;1&#8243; disabled_on=&#8221;on|on|on&#8221; _builder_version=&#8221;4.21.0&#8243; background_color=&#8221;#215760&#8243; custom_padding=&#8221;0px||0px|||&#8221; disabled=&#8221;on&#8221; global_colors_info=&#8221;{}&#8221;][et_pb_row use_custom_gutter=&#8221;on&#8221; _builder_version=&#8221;4.21.0&#8243; background_enable_color=&#8221;off&#8221; width=&#8221;100%&#8221; max_width=&#8221;100%&#8221; custom_padding=&#8221;97px||97px||true|false&#8221; global_colors_info=&#8221;{}&#8221;][et_pb_column type=&#8221;4_4&#8243; _builder_version=&#8221;4.16&#8243; global_colors_info=&#8221;{}&#8221;][et_pb_text _builder_version=&#8221;4.21.0&#8243; header_3_font=&#8221;Abhaya Libre|||on|||||&#8221; header_3_text_align=&#8221;center&#8221; header_3_text_color=&#8221;gcid-9cb24fed-0a9e-48aa-80dd-7426a2a21668&#8243; header_3_font_size=&#8221;31px&#8221; width=&#8221;80%&#8221; module_alignment=&#8221;center&#8221; custom_margin=&#8221;||||false|false&#8221; custom_padding=&#8221;||||false|false&#8221; global_colors_info=&#8221;{%22gcid-9cb24fed-0a9e-48aa-80dd-7426a2a21668%22:%91%22header_3_text_color%22%93}&#8221;]<\/p>\n<h3>Preh\u013ead spolo\u010dnosti<\/h3>\n<p>[\/et_pb_text][et_pb_text _builder_version=&#8221;4.21.0&#8243; text_font=&#8221;Questrial||||||||&#8221; text_text_color=&#8221;#FFFFFF&#8221; text_font_size=&#8221;16px&#8221; text_line_height=&#8221;1.6em&#8221; text_orientation=&#8221;center&#8221; width=&#8221;48%&#8221; width_tablet=&#8221;73%&#8221; width_phone=&#8221;77%&#8221; width_last_edited=&#8221;on|desktop&#8221; module_alignment=&#8221;center&#8221; custom_margin=&#8221;0px||18px||false|false&#8221; custom_padding=&#8221;0px||0px||false|false&#8221; global_colors_info=&#8221;{}&#8221;]The Company BIRDIE YAS INSURANCE LTD, established on 18\/08\/2015, in Nevis \u2013 Confederation of St. Kitts &#038; Nevis* (W.I. Commonwealth), authorized to carry out insurance activities by the Financial Services Regulation and Supervision Department Office of Nevis (W.I.). Co. 45517 with registered office in London 30 Arminger Road, W12 7BB (UK).<\/p>\n<p>Registrovan\u00e1 v Registri spolo\u010dnost\u00ed pod \u010d. FC032876<\/p>\n<p>Finan\u010dnom \u00farade pod \u010d. 772005<\/p>\n<p>SWIFT\/ BIC: BIYIKNN1GB1[\/et_pb_text][\/et_pb_column][\/et_pb_row][\/et_pb_section][et_pb_section fb_built=&#8221;1&#8243; _builder_version=&#8221;4.21.0&#8243; background_color=&#8221;#e8e8e8&#8243; custom_padding=&#8221;116px||116px||true|false&#8221; global_colors_info=&#8221;{}&#8221;][et_pb_row column_structure=&#8221;1_3,1_3,1_3&#8243; _builder_version=&#8221;4.16&#8243; global_colors_info=&#8221;{}&#8221;][et_pb_column type=&#8221;1_3&#8243; _builder_version=&#8221;4.16&#8243; global_colors_info=&#8221;{}&#8221;][et_pb_divider divider_weight=&#8221;6px&#8221; _builder_version=&#8221;4.21.0&#8243; width=&#8221;60px&#8221; global_colors_info=&#8221;{}&#8221;][\/et_pb_divider][et_pb_text _builder_version=&#8221;4.16&#8243; text_font=&#8221;Questrial||||||||&#8221; text_text_color=&#8221;#696e79&#8243; text_font_size=&#8221;16px&#8221; text_line_height=&#8221;1.6em&#8221; custom_margin=&#8221;0px||18px||false|false&#8221; custom_padding=&#8221;0px||0px||false|false&#8221; global_colors_info=&#8221;{}&#8221;]BIRDIE YAS INSURANCE LTD operates with prudence, within the permitted limits of its capital capabilities, regularly respects its commitments and complies with the laws and regulations of the United Kingdom, see the &#8220;Good Standing&#8221; certificate;[\/et_pb_text][\/et_pb_column][et_pb_column type=&#8221;1_3&#8243; _builder_version=&#8221;4.16&#8243; global_colors_info=&#8221;{}&#8221;][et_pb_divider divider_weight=&#8221;6px&#8221; _builder_version=&#8221;4.21.0&#8243; width=&#8221;60px&#8221; global_colors_info=&#8221;{}&#8221;][\/et_pb_divider][et_pb_text _builder_version=&#8221;4.16&#8243; text_font=&#8221;Questrial||||||||&#8221; text_text_color=&#8221;#696e79&#8243; text_font_size=&#8221;16px&#8221; text_line_height=&#8221;1.6em&#8221; custom_margin=&#8221;0px||18px||false|false&#8221; custom_padding=&#8221;0px||0px||false|false&#8221; global_colors_info=&#8221;{}&#8221;]BIRDIE YAS INSURANCE LTD is registered in the FCA REGISTER with effect on 23\/02\/2017;[\/et_pb_text][\/et_pb_column][et_pb_column type=&#8221;1_3&#8243; _builder_version=&#8221;4.16&#8243; global_colors_info=&#8221;{}&#8221;][et_pb_divider divider_weight=&#8221;6px&#8221; _builder_version=&#8221;4.21.0&#8243; width=&#8221;60px&#8221; global_colors_info=&#8221;{}&#8221;][\/et_pb_divider][et_pb_text _builder_version=&#8221;4.16&#8243; text_font=&#8221;Questrial||||||||&#8221; text_text_color=&#8221;#696e79&#8243; text_font_size=&#8221;16px&#8221; text_line_height=&#8221;1.6em&#8221; custom_margin=&#8221;0px||18px||false|false&#8221; custom_padding=&#8221;0px||0px||false|false&#8221; global_colors_info=&#8221;{}&#8221;]The SWIFT, the global provider of secure financial messaging services, has registered BIRDIE YAS INSURANCE LTD, with the BIC code: BIYIKNN1GB1.[\/et_pb_text][\/et_pb_column][\/et_pb_row][\/et_pb_section]<\/p>","protected":false},"excerpt":{"rendered":"<p>Insurance Risk SolvingFINANCIAL INSURANCE,SOLVING ASSETS &amp; GUARANTEE Managers and collaborators of the company had gained extensive experience in the assessment and management of financial risks. All proposed operations are evaluated in environments that are appropriate to the privacy regulations and equipped with the latest technologies.The prudence and diligence of our managers allows us to prepare [&hellip;]<\/p>","protected":false},"author":1,"featured_media":0,"parent":0,"menu_order":0,"comment_status":"closed","ping_status":"closed","template":"","meta":{"_et_pb_use_builder":"on","_et_pb_old_content":"","_et_gb_content_width":"","inline_featured_image":false},"_links":{"self":[{"href":"https:\/\/www.birdieyas.uk\/sk\/wp-json\/wp\/v2\/pages\/5"}],"collection":[{"href":"https:\/\/www.birdieyas.uk\/sk\/wp-json\/wp\/v2\/pages"}],"about":[{"href":"https:\/\/www.birdieyas.uk\/sk\/wp-json\/wp\/v2\/types\/page"}],"author":[{"embeddable":true,"href":"https:\/\/www.birdieyas.uk\/sk\/wp-json\/wp\/v2\/users\/1"}],"replies":[{"embeddable":true,"href":"https:\/\/www.birdieyas.uk\/sk\/wp-json\/wp\/v2\/comments?post=5"}],"version-history":[{"count":31,"href":"https:\/\/www.birdieyas.uk\/sk\/wp-json\/wp\/v2\/pages\/5\/revisions"}],"predecessor-version":[{"id":281,"href":"https:\/\/www.birdieyas.uk\/sk\/wp-json\/wp\/v2\/pages\/5\/revisions\/281"}],"wp:attachment":[{"href":"https:\/\/www.birdieyas.uk\/sk\/wp-json\/wp\/v2\/media?parent=5"}],"curies":[{"name":"wp","href":"https:\/\/api.w.org\/{rel}","templated":true}]}}