{"id":21,"date":"2020-04-16T18:50:37","date_gmt":"2020-04-16T16:50:37","guid":{"rendered":"http:\/\/www.birdieyas.uk\/?page_id=21"},"modified":"2023-07-31T17:19:49","modified_gmt":"2023-07-31T15:19:49","slug":"services","status":"publish","type":"page","link":"https:\/\/www.birdieyas.uk\/sk\/services\/","title":{"rendered":"SLU\u017dBY"},"content":{"rendered":"<p>[et_pb_section fb_built=&#8221;1&#8243; _builder_version=&#8221;4.21.0&#8243; background_color=&#8221;rgba(0,0,0,0.4)&#8221; background_image=&#8221;https:\/\/www.birdieyas.uk\/wp-content\/uploads\/2022\/09\/silhouette-business-people-discussion-meeting-cityscape-team-concept.jpg&#8221; background_blend=&#8221;multiply&#8221; background_enable_pattern_style=&#8221;on&#8221; background_pattern_style=&#8221;diagonal-stripes-2&#8243; background_pattern_color=&#8221;rgba(10,10,10,0.1)&#8221; background_pattern_horizontal_offset=&#8221;8%&#8221; custom_padding=&#8221;195px||195px||true|&#8221; hover_enabled=&#8221;0&#8243; border_width_bottom=&#8221;7px&#8221; border_color_bottom=&#8221;#d3b91a&#8221; global_colors_info=&#8221;{}&#8221; locked=&#8221;off&#8221; title_text=&#8221;silhouette-business-people-discussion-meeting-cityscape-team-concept&#8221; sticky_enabled=&#8221;0&#8243;][et_pb_row _builder_version=&#8221;4.16&#8243; custom_padding=&#8221;49px||49px||true|&#8221; global_colors_info=&#8221;{}&#8221;][et_pb_column type=&#8221;4_4&#8243; _builder_version=&#8221;4.16&#8243; global_colors_info=&#8221;{}&#8221;][et_pb_cta title=&#8221;SERVICES&#8221; button_text=&#8221;Click&#8221; _builder_version=&#8221;4.21.0&#8243; header_font=&#8221;Abhaya Libre||||||||&#8221; header_text_color=&#8221;#d3b91a&#8221; header_font_size=&#8221;47px&#8221; body_font=&#8221;|||on|||||&#8221; body_text_color=&#8221;#FFFFFF&#8221; body_font_size=&#8221;16px&#8221; body_letter_spacing=&#8221;4px&#8221; background_color=&#8221;rgba(0,0,0,0)&#8221; width=&#8221;100%&#8221; custom_padding=&#8221;54px|||||&#8221; header_font_size_tablet=&#8221;&#8221; header_font_size_phone=&#8221;24px&#8221; header_font_size_last_edited=&#8221;on|phone&#8221; global_colors_info=&#8221;{}&#8221;]<\/p>\n<p class=\"p1\"><span class=\"s1\"><b>Rie\u0161enie poistn\u00fdch riz\u00edk<\/b><\/span><\/p>\n<p>[\/et_pb_cta][\/et_pb_column][\/et_pb_row][\/et_pb_section][et_pb_section fb_built=&#8221;1&#8243; _builder_version=&#8221;4.21.0&#8243; background_color=&#8221;#215760&#8243; global_colors_info=&#8221;{}&#8221;][et_pb_row _builder_version=&#8221;4.16&#8243; global_colors_info=&#8221;{}&#8221;][et_pb_column type=&#8221;4_4&#8243; _builder_version=&#8221;4.16&#8243; global_colors_info=&#8221;{}&#8221;][et_pb_text _builder_version=&#8221;4.21.0&#8243; _module_preset=&#8221;default&#8221; header_3_font=&#8221;Abhaya Libre|||on|||||&#8221; header_3_text_align=&#8221;left&#8221; header_3_text_color=&#8221;#d3b91a&#8221; header_3_font_size=&#8221;40px&#8221; custom_margin=&#8221;0px||13px||false|false&#8221; custom_padding=&#8221;0px||0px||false|false&#8221; header_3_font_size_tablet=&#8221;32px&#8221; header_3_font_size_phone=&#8221;32px&#8221; header_3_font_size_last_edited=&#8221;on|desktop&#8221; locked=&#8221;off&#8221; global_colors_info=&#8221;{}&#8221;]<\/p>\n<h3>POPIS Z\u00c1RUKY ALEBO Z\u00c1BEZPEKY<\/h3>\n<p>[\/et_pb_text][\/et_pb_column][\/et_pb_row][et_pb_row column_structure=&#8221;1_2,1_2&#8243; _builder_version=&#8221;4.16&#8243; global_colors_info=&#8221;{}&#8221;][et_pb_column type=&#8221;1_2&#8243; _builder_version=&#8221;4.16&#8243; global_colors_info=&#8221;{}&#8221;][et_pb_text _builder_version=&#8221;4.21.0&#8243; _module_preset=&#8221;default&#8221; header_3_font=&#8221;Abhaya Libre|||on|||||&#8221; header_3_text_align=&#8221;left&#8221; header_3_text_color=&#8221;#d3b91a&#8221; header_3_font_size=&#8221;31px&#8221; custom_margin=&#8221;0px||13px||false|false&#8221; custom_padding=&#8221;0px||0px||false|false&#8221; header_3_font_size_phone=&#8221;25px&#8221; header_3_font_size_last_edited=&#8221;off|phone&#8221; locked=&#8221;off&#8221; global_colors_info=&#8221;{}&#8221;]<\/p>\n<h3>Z\u00e1bezpeka ponuky<\/h3>\n<p>[\/et_pb_text][et_pb_text _builder_version=&#8221;4.21.0&#8243; text_font=&#8221;Questrial||||||||&#8221; text_text_color=&#8221;#FFFFFF&#8221; text_font_size=&#8221;16px&#8221; text_line_height=&#8221;1.6em&#8221; custom_margin=&#8221;0px||18px||false|false&#8221; custom_padding=&#8221;0px||0px||false|false&#8221; global_colors_info=&#8221;{}&#8221;]<\/p>\n<p class=\" translation-block\">Z\u00e1bezpeka vystaven\u00e1 na \u017eiados\u0165 obstar\u00e1vate\u013ea pri stavebn\u00fdch ponuk\u00e1ch a pri obstar\u00e1van\u00ed projektov, ktor\u00e1 zav\u00e4zuje uch\u00e1dza\u010da, \u017ee neodst\u00fapi alebo nezmen\u00ed svoju ponuku po\u010das doby platnosti a \u017ee podp\u00ed\u0161e zmluvu alebo predlo\u017e\u00ed z\u00e1bezpeku na vykonanie pr\u00e1c v stanovenom \u010dase akon\u00e1hle bude ponuka \u00faspe\u0161n\u00e1. Rie\u0161i probl\u00e9m vz\u00e1jomnej ned\u00f4very medzi obstar\u00e1vate\u013eom a uch\u00e1dza\u010dom prostredn\u00edctvom bankov\u00e9ho \u00faveru za \u00fa\u010delom bezprobl\u00e9mov\u00e9ho pod\u00e1vania ponuky.<\/p>\n<p>[\/et_pb_text][\/et_pb_column][et_pb_column type=&#8221;1_2&#8243; _builder_version=&#8221;4.16&#8243; global_colors_info=&#8221;{}&#8221;][et_pb_text _builder_version=&#8221;4.21.0&#8243; _module_preset=&#8221;default&#8221; header_3_font=&#8221;Abhaya Libre|||on|||||&#8221; header_3_text_align=&#8221;left&#8221; header_3_text_color=&#8221;#D3B91A&#8221; header_3_font_size=&#8221;31px&#8221; custom_margin=&#8221;0px||13px||false|false&#8221; custom_padding=&#8221;0px||0px||false|false&#8221; header_3_font_size_phone=&#8221;25px&#8221; header_3_font_size_last_edited=&#8221;off|phone&#8221; locked=&#8221;off&#8221; global_colors_info=&#8221;{}&#8221;]<\/p>\n<h3>Z\u00e1bezpeka na vykonanie pr\u00e1c<\/h3>\n<p>[\/et_pb_text][et_pb_text _builder_version=&#8221;4.21.0&#8243; text_font=&#8221;Questrial||||||||&#8221; text_text_color=&#8221;#FFFFFF&#8221; text_font_size=&#8221;16px&#8221; text_line_height=&#8221;1.6em&#8221; header_2_text_color=&#8221;#0C71C3&#8243; custom_margin=&#8221;0px||18px||false|false&#8221; custom_padding=&#8221;0px||0px||false|false&#8221; global_colors_info=&#8221;{}&#8221;]<\/p>\n<p class=\" translation-block\">Z\u00e1bezpeka vystaven\u00e1, na \u017eiados\u0165 objedn\u00e1vate\u013ea, vlastn\u00edkovi zmluvn\u00e9ho projektu alebo kupuj\u00facemu pri k\u00fapnej zmluve zaru\u010duje, \u017ee uch\u00e1dza\u010d bude striktne plni\u0165 zmluvy pod\u013ea vopred stanoven\u00fdch podmienok. Zaru\u010duje riadne dodr\u017eiavanie zmluvn\u00fdch povinnost\u00ed a kvality predmetu z\u00e1kazky, rie\u0161i probl\u00e9m vz\u00e1jomnej ned\u00f4very medzi zmluvn\u00fdmi stranami a zni\u017euje z\u00e1ber kapit\u00e1lu.<\/p>\n<p>[\/et_pb_text][\/et_pb_column][\/et_pb_row][et_pb_row column_structure=&#8221;1_2,1_2&#8243; _builder_version=&#8221;4.16&#8243; global_colors_info=&#8221;{}&#8221;][et_pb_column type=&#8221;1_2&#8243; _builder_version=&#8221;4.16&#8243; global_colors_info=&#8221;{}&#8221;][et_pb_text _builder_version=&#8221;4.21.0&#8243; _module_preset=&#8221;default&#8221; header_3_font=&#8221;Abhaya Libre|||on|||||&#8221; header_3_text_align=&#8221;left&#8221; header_3_text_color=&#8221;#D3B91A&#8221; header_3_font_size=&#8221;31px&#8221; custom_margin=&#8221;0px||13px||false|false&#8221; custom_padding=&#8221;0px||0px||false|false&#8221; header_3_font_size_phone=&#8221;25px&#8221; header_3_font_size_last_edited=&#8221;off|phone&#8221; locked=&#8221;off&#8221; global_colors_info=&#8221;{}&#8221;]<\/p>\n<h3>advance payment guarantee<\/h3>\n<p>[\/et_pb_text][et_pb_text _builder_version=&#8221;4.21.0&#8243; text_font=&#8221;Questrial||||||||&#8221; text_text_color=&#8221;#FFFFFF&#8221; text_font_size=&#8221;16px&#8221; text_line_height=&#8221;1.6em&#8221; header_2_text_color=&#8221;#0C71C3&#8243; custom_margin=&#8221;0px||18px||false|false&#8221; custom_padding=&#8221;0px||0px||false|false&#8221; global_colors_info=&#8221;{}&#8221;]<\/p>\n<p class=\" translation-block\">Z\u00e1ruka vystaven\u00e1, na \u017eiados\u0165 objedn\u00e1vate\u013ea, vlastn\u00edkovi zmluvnej stavby alebo kupuj\u00facemu pri k\u00fapnej zmluve zaru\u010duje, \u017ee uch\u00e1dza\u010d bude dodr\u017eiava\u0165 zmluvn\u00e9 povinnosti potom, \u010do majite\u013e alebo kupuj\u00faci vykon\u00e1 z\u00e1lohov\u00fa platbu. Umo\u017e\u0148uje v\u010dasn\u00e9 prijatie z\u00e1lohovej platby, ako aj zr\u00fdchlenie obratu kapit\u00e1lu po\u010das doby v\u00fdstavby a pr\u00edpravy tovaru.<\/p>\n<p>[\/et_pb_text][\/et_pb_column][et_pb_column type=&#8221;1_2&#8243; _builder_version=&#8221;4.16&#8243; global_colors_info=&#8221;{}&#8221;][et_pb_text _builder_version=&#8221;4.21.0&#8243; _module_preset=&#8221;default&#8221; header_3_font=&#8221;Abhaya Libre|||on|||||&#8221; header_3_text_align=&#8221;left&#8221; header_3_text_color=&#8221;#D3B91A&#8221; header_3_font_size=&#8221;31px&#8221; custom_margin=&#8221;0px||13px||false|false&#8221; custom_padding=&#8221;0px||0px||false|false&#8221; header_3_font_size_phone=&#8221;25px&#8221; header_3_font_size_last_edited=&#8221;off|phone&#8221; locked=&#8221;off&#8221; global_colors_info=&#8221;{}&#8221;]<\/p>\n<h3>retention money guarantee<\/h3>\n<p>[\/et_pb_text][et_pb_text _builder_version=&#8221;4.21.0&#8243; text_font=&#8221;Questrial||||||||&#8221; text_text_color=&#8221;#FFFFFF&#8221; text_font_size=&#8221;16px&#8221; text_line_height=&#8221;1.6em&#8221; header_2_text_color=&#8221;#0C71C3&#8243; custom_margin=&#8221;0px||18px||false|false&#8221; custom_padding=&#8221;0px||0px||false|false&#8221; global_colors_info=&#8221;{}&#8221;]<\/p>\n<p class=\" translation-block\">Z\u00e1ruka vystaven\u00e1, na \u017eiados\u0165 zhotovite\u013ea alebo dod\u00e1vate\u013ea, majite\u013eovi alebo kupuj\u00facemu na zaru\u010denie, \u017ee uch\u00e1dza\u010d bude na\u010falej dodr\u017eiava\u0165 zmluvn\u00e9 podmienky po\u010das z\u00e1ru\u010dnej doby alebo doby \u00fadr\u017eby.  Uplat\u0148uje sa v\u00a0situ\u00e1cii, ke\u010f vlastn\u00edk alebo kupuj\u00faci po\u017eaduje od zhotovite\u013ea alebo dod\u00e1vate\u013ea plnenie z\u00e1ru\u010dn\u00fdch alebo \u00fadr\u017eb\u00e1rskych povinnost\u00ed ke\u010f stavebn\u00e9, dod\u00e1vate\u013esk\u00e9 a\u00a0mont\u00e1\u017ene zmluvy vst\u00fapia do z\u00e1ru\u010dnej doby alebo doby \u00fadr\u017eby.<\/p>\n<p>[\/et_pb_text][\/et_pb_column][\/et_pb_row][et_pb_row column_structure=&#8221;1_2,1_2&#8243; _builder_version=&#8221;4.16&#8243; global_colors_info=&#8221;{}&#8221;][et_pb_column type=&#8221;1_2&#8243; _builder_version=&#8221;4.16&#8243; global_colors_info=&#8221;{}&#8221;][et_pb_text _builder_version=&#8221;4.21.0&#8243; _module_preset=&#8221;default&#8221; header_3_font=&#8221;Abhaya Libre|||on|||||&#8221; header_3_text_align=&#8221;left&#8221; header_3_text_color=&#8221;#D3B91A&#8221; header_3_font_size=&#8221;31px&#8221; custom_margin=&#8221;0px||13px||false|false&#8221; custom_padding=&#8221;0px||0px||false|false&#8221; header_3_font_size_phone=&#8221;25px&#8221; header_3_font_size_last_edited=&#8221;off|phone&#8221; locked=&#8221;off&#8221; global_colors_info=&#8221;{}&#8221;]<\/p>\n<h3>warranty guarantee<\/h3>\n<p>[\/et_pb_text][et_pb_text _builder_version=&#8221;4.21.0&#8243; text_font=&#8221;Questrial||||||||&#8221; text_text_color=&#8221;#FFFFFF&#8221; text_font_size=&#8221;16px&#8221; text_line_height=&#8221;1.6em&#8221; header_2_text_color=&#8221;#0C71C3&#8243; custom_margin=&#8221;0px||18px||false|false&#8221; custom_padding=&#8221;0px||0px||false|false&#8221; global_colors_info=&#8221;{}&#8221;]<\/p>\n<p class=\" translation-block\">Z\u00e1ruka vystaven\u00e1, na \u017eiados\u0165 zhotovite\u013ea alebo dod\u00e1vate\u013ea, majite\u013eovi alebo kupuj\u00facemu na zaru\u010denie, \u017ee uch\u00e1dza\u010d bude na\u010falej dodr\u017eiava\u0165 zmluvn\u00e9 podmienky po vybrat\u00ed poslednej platby zo zmluvnej ceny vopred. Produkt umo\u017e\u0148uje uch\u00e1dza\u010dovi z\u00edska\u0165 posledn\u00fa platbu od majite\u013ea alebo kupuj\u00faceho vopred po\u010das neskor\u0161ej etapy realiz\u00e1cie stavebnej z\u00e1kazky a zmluvy uzavretej v r\u00e1mci verejn\u00e9ho obstar\u00e1vania, \u010di\u017ee zr\u00fdch\u013euje kapit\u00e1lov\u00fd obrat a prin\u00e1\u0161a v\u00fdrazn\u00e9 v\u00fdhody.<\/p>\n<p>[\/et_pb_text][\/et_pb_column][et_pb_column type=&#8221;1_2&#8243; _builder_version=&#8221;4.16&#8243; global_colors_info=&#8221;{}&#8221;][\/et_pb_column][\/et_pb_row][\/et_pb_section][et_pb_section fb_built=&#8221;1&#8243; _builder_version=&#8221;4.16&#8243; background_color=&#8221;#ffffff&#8221; custom_padding=&#8221;38px|||||&#8221; global_colors_info=&#8221;{}&#8221;][et_pb_row _builder_version=&#8221;4.16&#8243; global_colors_info=&#8221;{}&#8221;][et_pb_column type=&#8221;4_4&#8243; _builder_version=&#8221;4.16&#8243; global_colors_info=&#8221;{}&#8221;][et_pb_text _builder_version=&#8221;4.21.0&#8243; _module_preset=&#8221;default&#8221; header_3_font=&#8221;Abhaya Libre|||on|||||&#8221; header_3_text_align=&#8221;left&#8221; header_3_text_color=&#8221;#215760&#8243; header_3_font_size=&#8221;40px&#8221; custom_margin=&#8221;0px||13px||false|false&#8221; custom_padding=&#8221;0px||0px||false|false&#8221; header_3_font_size_tablet=&#8221;32px&#8221; header_3_font_size_phone=&#8221;32px&#8221; header_3_font_size_last_edited=&#8221;on|desktop&#8221; locked=&#8221;off&#8221; global_colors_info=&#8221;{}&#8221;]<\/p>\n<h3>CLAIM SERVICES<\/h3>\n<p>[\/et_pb_text][et_pb_text _builder_version=&#8221;4.21.0&#8243; text_font=&#8221;Questrial||||||||&#8221; text_text_color=&#8221;#696e79&#8243; text_font_size=&#8221;16px&#8221; text_line_height=&#8221;1.6em&#8221; custom_margin=&#8221;0px||18px||false|false&#8221; custom_padding=&#8221;0px||0px||false|false&#8221; global_colors_info=&#8221;{}&#8221;]<\/p>\n<p><strong>OPIS SLU\u017dIEB<\/strong><\/p>\n<p>[\/et_pb_text][\/et_pb_column][\/et_pb_row][et_pb_row column_structure=&#8221;1_2,1_2&#8243; _builder_version=&#8221;4.16&#8243; custom_padding=&#8221;3px|||||&#8221; global_colors_info=&#8221;{}&#8221;][et_pb_column type=&#8221;1_2&#8243; _builder_version=&#8221;4.16&#8243; global_colors_info=&#8221;{}&#8221;][et_pb_text _builder_version=&#8221;4.21.0&#8243; _module_preset=&#8221;default&#8221; header_3_font=&#8221;Abhaya Libre|||on|||||&#8221; header_3_text_align=&#8221;left&#8221; header_3_text_color=&#8221;#215760&#8243; header_3_font_size=&#8221;31px&#8221; custom_margin=&#8221;0px||0px||false|false&#8221; custom_margin_tablet=&#8221;0px||0px||false|false&#8221; custom_margin_phone=&#8221;0px||0px||false|false&#8221; custom_margin_last_edited=&#8221;on|desktop&#8221; custom_padding=&#8221;0px||0px||false|false&#8221; header_3_font_size_phone=&#8221;25px&#8221; header_3_font_size_last_edited=&#8221;off|phone&#8221; locked=&#8221;off&#8221; global_colors_info=&#8221;{}&#8221;]<\/p>\n<h3>CLAIM ON-LINE SERVICES:<\/h3>\n<p>[\/et_pb_text][et_pb_image src=&#8221;https:\/\/www.birdieyas.uk\/wp-content\/uploads\/2023\/07\/birdieyas-service01.jpg&#8221; title_text=&#8221;birdieyas-service01&#8243; _builder_version=&#8221;4.21.0&#8243; _module_preset=&#8221;default&#8221; global_colors_info=&#8221;{}&#8221;][\/et_pb_image][et_pb_text _builder_version=&#8221;4.21.0&#8243; text_font=&#8221;Questrial||||||||&#8221; text_text_color=&#8221;#696e79&#8243; text_font_size=&#8221;16px&#8221; text_line_height=&#8221;1.6em&#8221; header_2_text_color=&#8221;#0C71C3&#8243; custom_margin=&#8221;0px||18px||false|false&#8221; custom_padding=&#8221;0px||0px||false|false&#8221; global_colors_info=&#8221;{}&#8221;]<\/p>\n<p>V\u0161etky n\u00e1roky musia by\u0165 hl\u00e1sen\u00e9 zaslan\u00edm elektronickej po\u0161ty na adresu: info@birdieyas.uk<\/p>\n<p>[\/et_pb_text][\/et_pb_column][et_pb_column type=&#8221;1_2&#8243; _builder_version=&#8221;4.21.0&#8243; _module_preset=&#8221;default&#8221; global_colors_info=&#8221;{}&#8221;][et_pb_text _builder_version=&#8221;4.21.0&#8243; _module_preset=&#8221;default&#8221; header_3_font=&#8221;Abhaya Libre|||on|||||&#8221; header_3_text_align=&#8221;left&#8221; header_3_text_color=&#8221;#215760&#8243; header_3_font_size=&#8221;31px&#8221; custom_margin=&#8221;0px||0px||false|false&#8221; custom_margin_tablet=&#8221;0px||0px||false|false&#8221; custom_margin_phone=&#8221;0px||0px||false|false&#8221; custom_margin_last_edited=&#8221;on|desktop&#8221; custom_padding=&#8221;0px||0px||false|false&#8221; locked=&#8221;off&#8221; global_colors_info=&#8221;{}&#8221;]<\/p>\n<h3>PROCESS YOUR CLAIM:<\/h3>\n<p>[\/et_pb_text][et_pb_image src=&#8221;https:\/\/www.birdieyas.uk\/wp-content\/uploads\/2023\/07\/birdieyas-service02.jpg&#8221; title_text=&#8221;birdieyas-service02&#8243; _builder_version=&#8221;4.21.0&#8243; _module_preset=&#8221;default&#8221; global_colors_info=&#8221;{}&#8221;][\/et_pb_image][et_pb_text _builder_version=&#8221;4.21.0&#8243; text_font=&#8221;Questrial||||||||&#8221; text_text_color=&#8221;#696e79&#8243; text_font_size=&#8221;16px&#8221; text_line_height=&#8221;1.6em&#8221; header_2_text_color=&#8221;#0C71C3&#8243; custom_margin=&#8221;0px||18px||false|false&#8221; custom_padding=&#8221;0px||0px||false|false&#8221; global_colors_info=&#8221;{}&#8221;]<\/p>\n<p>All original documentation \/ certified copy must be sent by post to the registered office by: BIRDIE YAS INSURANCE LTD 30 ARMINGER ROAD LONDON W12 7BB (UK).<br \/>Upon receipt of the claim documentation, you will be notified of the name of the person responsible for managing and settling the claim who will contact you to agree on the definition of your claim request.<\/p>\n<p>[\/et_pb_text][\/et_pb_column][\/et_pb_row][\/et_pb_section][et_pb_section fb_built=&#8221;1&#8243; _builder_version=&#8221;4.16&#8243; background_color=&#8221;#f7f7f7&#8243; custom_padding=&#8221;38px|||||&#8221; global_colors_info=&#8221;{}&#8221;][et_pb_row _builder_version=&#8221;4.16&#8243; global_colors_info=&#8221;{}&#8221;][et_pb_column type=&#8221;4_4&#8243; _builder_version=&#8221;4.16&#8243; global_colors_info=&#8221;{}&#8221;][et_pb_text _builder_version=&#8221;4.21.0&#8243; _module_preset=&#8221;default&#8221; header_3_font=&#8221;Abhaya Libre|||on|||||&#8221; header_3_text_align=&#8221;left&#8221; header_3_text_color=&#8221;#215760&#8243; header_3_font_size=&#8221;40px&#8221; custom_margin=&#8221;0px||13px||false|false&#8221; custom_padding=&#8221;0px||0px||false|false&#8221; header_3_font_size_tablet=&#8221;32px&#8221; header_3_font_size_phone=&#8221;32px&#8221; header_3_font_size_last_edited=&#8221;on|desktop&#8221; locked=&#8221;off&#8221; global_colors_info=&#8221;{}&#8221;]<\/p>\n<h3>ADDITIONAL SERVICES<\/h3>\n<p>[\/et_pb_text][et_pb_text _builder_version=&#8221;4.21.0&#8243; text_font=&#8221;Questrial||||||||&#8221; text_text_color=&#8221;#696e79&#8243; text_font_size=&#8221;16px&#8221; text_line_height=&#8221;1.6em&#8221; custom_margin=&#8221;0px||18px||false|false&#8221; custom_padding=&#8221;0px||0px||false|false&#8221; global_colors_info=&#8221;{}&#8221;]<\/p>\n<p><strong>POPIS Z\u00c1RUKY ALEBO Z\u00c1BEZPEKY<\/strong><\/p>\n<p>[\/et_pb_text][\/et_pb_column][\/et_pb_row][et_pb_row column_structure=&#8221;1_2,1_2&#8243; _builder_version=&#8221;4.16&#8243; custom_padding=&#8221;3px|||||&#8221; global_colors_info=&#8221;{}&#8221;][et_pb_column type=&#8221;1_2&#8243; _builder_version=&#8221;4.16&#8243; global_colors_info=&#8221;{}&#8221;][et_pb_text _builder_version=&#8221;4.21.0&#8243; _module_preset=&#8221;default&#8221; header_3_font=&#8221;Abhaya Libre|||on|||||&#8221; header_3_text_align=&#8221;left&#8221; header_3_text_color=&#8221;#215760&#8243; header_3_font_size=&#8221;31px&#8221; custom_margin=&#8221;0px||13px||false|false&#8221; custom_padding=&#8221;0px||0px||false|false&#8221; header_3_font_size_phone=&#8221;25px&#8221; header_3_font_size_last_edited=&#8221;off|phone&#8221; locked=&#8221;off&#8221; global_colors_info=&#8221;{}&#8221;]<\/p>\n<h3>PAYMENT GUARANTEE<\/h3>\n<p>[\/et_pb_text][et_pb_image src=&#8221;https:\/\/www.birdieyas.uk\/wp-content\/uploads\/2023\/07\/birdieyas-service03.jpg&#8221; title_text=&#8221;birdieyas-service03&#8243; _builder_version=&#8221;4.21.0&#8243; _module_preset=&#8221;default&#8221; global_colors_info=&#8221;{}&#8221;][\/et_pb_image][et_pb_text _builder_version=&#8221;4.21.0&#8243; text_font=&#8221;Questrial||||||||&#8221; text_text_color=&#8221;#696e79&#8243; text_font_size=&#8221;16px&#8221; text_line_height=&#8221;1.6em&#8221; header_2_text_color=&#8221;#0C71C3&#8243; custom_margin=&#8221;0px||18px||false|false&#8221; custom_padding=&#8221;0px||0px||false|false&#8221; global_colors_info=&#8221;{}&#8221;]<\/p>\n<p class=\" translation-block\">Z\u00e1ruka vystaven\u00e1, na \u017eiados\u0165 kupuj\u00faceho predajcovi pod\u013ea zmluvy, zaru\u010duje, \u017ee kupuj\u00faci bude dodr\u017eiava\u0165 platobn\u00e9 povinnosti pod\u013ea zmluvy o k\u00fape tovaru, technol\u00f3gie, patentu alebo pracovnej zmluvy. Zais\u0165uje ochranu zmluvn\u00fdch platieb.<\/p>\n<p>[\/et_pb_text][\/et_pb_column][et_pb_column type=&#8221;1_2&#8243; _builder_version=&#8221;4.16&#8243; global_colors_info=&#8221;{}&#8221;][\/et_pb_column][\/et_pb_row][\/et_pb_section][et_pb_section fb_built=&#8221;1&#8243; _builder_version=&#8221;4.16&#8243; background_color=&#8221;#ffffff&#8221; custom_padding=&#8221;38px|||||&#8221; global_colors_info=&#8221;{}&#8221;][et_pb_row _builder_version=&#8221;4.16&#8243; global_colors_info=&#8221;{}&#8221;][et_pb_column type=&#8221;4_4&#8243; _builder_version=&#8221;4.16&#8243; global_colors_info=&#8221;{}&#8221;][et_pb_text _builder_version=&#8221;4.21.0&#8243; _module_preset=&#8221;default&#8221; header_3_font=&#8221;Abhaya Libre|||on|||||&#8221; header_3_text_align=&#8221;left&#8221; header_3_text_color=&#8221;#215760&#8243; header_3_font_size=&#8221;40px&#8221; custom_margin=&#8221;0px||13px||false|false&#8221; custom_padding=&#8221;0px||0px||false|false&#8221; header_3_font_size_tablet=&#8221;32px&#8221; header_3_font_size_phone=&#8221;32px&#8221; header_3_font_size_last_edited=&#8221;on|desktop&#8221; locked=&#8221;off&#8221; global_colors_info=&#8221;{}&#8221;]<\/p>\n<h3>SPECIAL SECURITY SERVICES<\/h3>\n<p>[\/et_pb_text][et_pb_text _builder_version=&#8221;4.21.0&#8243; text_font=&#8221;Questrial||||||||&#8221; text_text_color=&#8221;#696e79&#8243; text_font_size=&#8221;16px&#8221; text_line_height=&#8221;1.6em&#8221; custom_margin=&#8221;0px||18px||false|false&#8221; custom_padding=&#8221;0px||0px||false|false&#8221; global_colors_info=&#8221;{}&#8221;]<\/p>\n<p><strong>OPIS SLU\u017dIEB<\/strong><\/p>\n<p>[\/et_pb_text][\/et_pb_column][\/et_pb_row][et_pb_row column_structure=&#8221;1_2,1_2&#8243; _builder_version=&#8221;4.16&#8243; custom_padding=&#8221;3px|||||&#8221; global_colors_info=&#8221;{}&#8221;][et_pb_column type=&#8221;1_2&#8243; _builder_version=&#8221;4.16&#8243; global_colors_info=&#8221;{}&#8221;][et_pb_text _builder_version=&#8221;4.21.0&#8243; _module_preset=&#8221;default&#8221; header_3_font=&#8221;Abhaya Libre|||on|||||&#8221; header_3_text_align=&#8221;left&#8221; header_3_text_color=&#8221;#215760&#8243; header_3_font_size=&#8221;31px&#8221; custom_margin=&#8221;0px||13px||false|false&#8221; custom_padding=&#8221;0px||0px||false|false&#8221; header_3_font_size_phone=&#8221;25px&#8221; header_3_font_size_last_edited=&#8221;off|phone&#8221; locked=&#8221;off&#8221; global_colors_info=&#8221;{}&#8221;]<\/p>\n<h3>VERIFY YOUR GUARENTEE ON-LINE:<\/h3>\n<p>[\/et_pb_text][et_pb_image src=&#8221;https:\/\/www.birdieyas.uk\/wp-content\/uploads\/2023\/07\/birdieyas-service04.jpg&#8221; title_text=&#8221;birdieyas-service04&#8243; _builder_version=&#8221;4.21.0&#8243; _module_preset=&#8221;default&#8221; global_colors_info=&#8221;{}&#8221;][\/et_pb_image][et_pb_text _builder_version=&#8221;4.21.0&#8243; text_font=&#8221;Questrial||||||||&#8221; text_text_color=&#8221;#696e79&#8243; text_font_size=&#8221;16px&#8221; text_line_height=&#8221;1.6em&#8221; header_2_text_color=&#8221;#0C71C3&#8243; custom_margin=&#8221;0px||18px||false|false&#8221; custom_padding=&#8221;0px||0px||false|false&#8221; global_colors_info=&#8221;{}&#8221;]<\/p>\n<p class=\" translation-block\">Overte si z\u00e1ruku online prostredn\u00edctvom elektronickej po\u0161ty na slu\u017eb\u00e1ch z\u00e1kazn\u00edkom BIRDIE YAS INSURANCE LTD: info@birdieyas.uk<\/p>\n<p>[\/et_pb_text][\/et_pb_column][et_pb_column type=&#8221;1_2&#8243; _builder_version=&#8221;4.16&#8243; global_colors_info=&#8221;{}&#8221;][et_pb_text _builder_version=&#8221;4.21.0&#8243; _module_preset=&#8221;default&#8221; header_3_font=&#8221;Abhaya Libre|||on|||||&#8221; header_3_text_align=&#8221;left&#8221; header_3_text_color=&#8221;#215760&#8243; header_3_font_size=&#8221;31px&#8221; custom_margin=&#8221;0px||13px||false|false&#8221; custom_padding=&#8221;0px||0px||false|false&#8221; header_3_font_size_phone=&#8221;25px&#8221; header_3_font_size_last_edited=&#8221;off|phone&#8221; locked=&#8221;off&#8221; global_colors_info=&#8221;{}&#8221;]<\/p>\n<h3>REAL ESTATE MANAGEMENT<\/h3>\n<p>[\/et_pb_text][et_pb_image src=&#8221;https:\/\/www.birdieyas.uk\/wp-content\/uploads\/2023\/07\/birdieyas-service05.jpg&#8221; title_text=&#8221;birdieyas-service05&#8243; _builder_version=&#8221;4.21.0&#8243; _module_preset=&#8221;default&#8221; global_colors_info=&#8221;{}&#8221;][\/et_pb_image][et_pb_text _builder_version=&#8221;4.21.0&#8243; text_font=&#8221;Questrial||||||||&#8221; text_text_color=&#8221;#696e79&#8243; text_font_size=&#8221;16px&#8221; text_line_height=&#8221;1.6em&#8221; header_2_text_color=&#8221;#0C71C3&#8243; custom_margin=&#8221;0px||18px||false|false&#8221; custom_padding=&#8221;0px||0px||false|false&#8221; global_colors_info=&#8221;{}&#8221;]<\/p>\n<p>N\u00e1\u0161 person\u00e1l je v\u00e1m k dispoz\u00edcii na mana\u017ement, pren\u00e1jom a predaj v\u00e1\u0161ho nehnute\u013en\u00e9ho majetku.<\/p>\n<p>[\/et_pb_text][\/et_pb_column][\/et_pb_row][\/et_pb_section]<\/p>","protected":false},"excerpt":{"rendered":"<p>Insurance Risk SolvingDESCRIPTION OF GUARANTEE OR BONDTender Bond (Bid)Guarantee issued at the request of the tender for bids of construction and procurement of project, committing that the tenderer will not withdraw or amend its bid during the validity period of the bid, and will sign the contract or submit performance guarantee within the preset time [&hellip;]<\/p>","protected":false},"author":1,"featured_media":0,"parent":0,"menu_order":0,"comment_status":"closed","ping_status":"closed","template":"","meta":{"_et_pb_use_builder":"on","_et_pb_old_content":"","_et_gb_content_width":"","inline_featured_image":false},"_links":{"self":[{"href":"https:\/\/www.birdieyas.uk\/sk\/wp-json\/wp\/v2\/pages\/21"}],"collection":[{"href":"https:\/\/www.birdieyas.uk\/sk\/wp-json\/wp\/v2\/pages"}],"about":[{"href":"https:\/\/www.birdieyas.uk\/sk\/wp-json\/wp\/v2\/types\/page"}],"author":[{"embeddable":true,"href":"https:\/\/www.birdieyas.uk\/sk\/wp-json\/wp\/v2\/users\/1"}],"replies":[{"embeddable":true,"href":"https:\/\/www.birdieyas.uk\/sk\/wp-json\/wp\/v2\/comments?post=21"}],"version-history":[{"count":28,"href":"https:\/\/www.birdieyas.uk\/sk\/wp-json\/wp\/v2\/pages\/21\/revisions"}],"predecessor-version":[{"id":225,"href":"https:\/\/www.birdieyas.uk\/sk\/wp-json\/wp\/v2\/pages\/21\/revisions\/225"}],"wp:attachment":[{"href":"https:\/\/www.birdieyas.uk\/sk\/wp-json\/wp\/v2\/media?parent=21"}],"curies":[{"name":"wp","href":"https:\/\/api.w.org\/{rel}","templated":true}]}}